{"id":4727,"date":"2020-03-11T14:58:59","date_gmt":"2020-03-11T13:58:59","guid":{"rendered":"https:\/\/henrylee.pl\/?page_id=4727"},"modified":"2021-06-21T12:44:05","modified_gmt":"2021-06-21T10:44:05","slug":"elementor-4727","status":"publish","type":"page","link":"https:\/\/henrylee.pl\/?page_id=4727","title":{"rendered":"Abonament"},"content":{"rendered":"\n\n\n<p>abonament<\/p>\t\t\n\t\t\t<h3>Wygodne rozwi\u0105zanie dla Twojej firmy<\/h3>\t\t\n\t\t<p>Jeste\u015b w\u0142a\u015bcicielem \/ managerem studia? Potrzebujesz r\u0119cznik\u00f3w dla swojej za\u0142ogi? Napisz do nas i dowiedz si\u0119 wi\u0119cej na temat abonamentu. Oferujemy kompleksow\u0105 obs\u0142ug\u0119 dla firm. Nie masz magazynu i nie chcesz przejmowa\u0107 si\u0119 zam\u00f3wieniami? My zrobimy to za Ciebie.&nbsp;<\/p>\t\t\n\t\t\t<a href=\"https:\/\/sklep.henrylee.pl\/store\" target=\"_blank\" role=\"button\" rel=\"noopener\">\n\t\t\t\t\t\tKup teraz\n\t\t\t\t\t<\/a>\n\t\t\t\t\t\t\t\t\t\t\t\t<img width=\"2560\" height=\"1703\" src=\"https:\/\/henrylee.pl\/wp-content\/uploads\/2020\/03\/tattoo-shop-2121348-scaled.jpg\" alt=\"\" loading=\"lazy\" srcset=\"https:\/\/henrylee.pl\/wp-content\/uploads\/2020\/03\/tattoo-shop-2121348-scaled.jpg 2560w, https:\/\/henrylee.pl\/wp-content\/uploads\/2020\/03\/tattoo-shop-2121348-300x200.jpg 300w, https:\/\/henrylee.pl\/wp-content\/uploads\/2020\/03\/tattoo-shop-2121348-1024x681.jpg 1024w, https:\/\/henrylee.pl\/wp-content\/uploads\/2020\/03\/tattoo-shop-2121348-768x511.jpg 768w, https:\/\/henrylee.pl\/wp-content\/uploads\/2020\/03\/tattoo-shop-2121348-1536x1022.jpg 1536w, https:\/\/henrylee.pl\/wp-content\/uploads\/2020\/03\/tattoo-shop-2121348-2048x1363.jpg 2048w, https:\/\/henrylee.pl\/wp-content\/uploads\/2020\/03\/tattoo-shop-2121348-750x500.jpg 750w\" sizes=\"(max-width: 2560px) 100vw, 2560px\" \/>\t\t\t\t\t\t\t\t\t\t\t\t\t\t\n\t\t\t<h5>napisz do nas<\/h5>\t\t\n\t\t\t<h4>henryleepolska@gmail.com<\/h4>","protected":false},"excerpt":{"rendered":"<p>abonament Wygodne rozwi\u0105zanie dla Twojej firmy Jeste\u015b w\u0142a\u015bcicielem \/ managerem studia? Potrzebujesz r\u0119cznik\u00f3w dla swojej za\u0142ogi? Napisz do nas i dowiedz si\u0119 wi\u0119cej na temat abonamentu. Oferujemy kompleksow\u0105 obs\u0142ug\u0119 dla firm. Nie masz magazynu i nie chcesz przejmowa\u0107 si\u0119 zam\u00f3wieniami? My zrobimy to za Ciebie.&nbsp; Kup teraz napisz do nas henryleepolska@gmail.com<\/p>\n","protected":false},"author":1,"featured_media":0,"parent":0,"menu_order":0,"comment_status":"closed","ping_status":"closed","template":"template-fullwidth-no-title.php","meta":[],"_links":{"self":[{"href":"https:\/\/henrylee.pl\/index.php?rest_route=\/wp\/v2\/pages\/4727"}],"collection":[{"href":"https:\/\/henrylee.pl\/index.php?rest_route=\/wp\/v2\/pages"}],"about":[{"href":"https:\/\/henrylee.pl\/index.php?rest_route=\/wp\/v2\/types\/page"}],"author":[{"embeddable":true,"href":"https:\/\/henrylee.pl\/index.php?rest_route=\/wp\/v2\/users\/1"}],"replies":[{"embeddable":true,"href":"https:\/\/henrylee.pl\/index.php?rest_route=%2Fwp%2Fv2%2Fcomments&post=4727"}],"version-history":[{"count":9,"href":"https:\/\/henrylee.pl\/index.php?rest_route=\/wp\/v2\/pages\/4727\/revisions"}],"predecessor-version":[{"id":4757,"href":"https:\/\/henrylee.pl\/index.php?rest_route=\/wp\/v2\/pages\/4727\/revisions\/4757"}],"wp:attachment":[{"href":"https:\/\/henrylee.pl\/index.php?rest_route=%2Fwp%2Fv2%2Fmedia&parent=4727"}],"curies":[{"name":"wp","href":"https:\/\/api.w.org\/{rel}","templated":true}]}}