{"id":4522,"date":"2020-01-29T21:28:42","date_gmt":"2020-01-29T20:28:42","guid":{"rendered":"https:\/\/henrylee.pl\/?page_id=4522"},"modified":"2020-01-31T13:00:41","modified_gmt":"2020-01-31T12:00:41","slug":"zelle-frontpage","status":"publish","type":"page","link":"https:\/\/henrylee.pl\/","title":{"rendered":"G\u0142\u00f3wna"},"content":{"rendered":"<h2>features<\/h2>\n<h4>What makes the single-page WordPress theme unique.<\/h4>\n<p><img src=\"https:\/\/henrylee.pl\/wp-content\/plugins\/elementor\/assets\/images\/placeholder.png\" title=\"\" alt=\"\"><\/p>\n<h3>Testowane dermatologicznie<\/h3>\n<p style=\"text-align:center\">Przesz\u0142y testy dermatologiczne zgodne z mi\u0119dzynarodowymi wytycznymi i posiadaj\u0105 certyfikat bezpiecze\u0144stwa dla sk\u00f3ry! Nasze r\u0119czniki mog\u0105 by\u0107 bezpiecznie stosowane na sk\u00f3r\u0119 i b\u0142ony \u015bluzowe. Zwyk\u0142e r\u0119czniki kuchenne mog\u0105 zawiera\u0107: sztuczne barwniki  i aromaty, formaldehyd, wybielacze chlorowe, kleje, BPS, triclosan i inne zwi\u0105zki szkodliwe dla naszego organizmu. Stosowanie ich w trakcie wykonywania zabiegu niesie za sob\u0105 potencjalne ryzyko dla zdrowia.<\/p>\n<p>\t\t\t\t\t\t\t\t\t\t<img src=\"https:\/\/henrylee.pl\/wp-content\/plugins\/elementor\/assets\/images\/placeholder.png\" title=\"\" alt=\"\"><\/p>\n<h3>listki gotowe do pracy<\/h3>\n<p style=\"text-align:center\">By\u0107 mo\u017ce dla niekt\u00f3rych rwanie listk\u00f3w z rolki przed zabiegiem to rodzaj relaksu. Dla wi\u0119kszo\u015bci z nas jest to jednak przykry element codziennej rutyny pracy. Dlatego nasze r\u0119czniki s\u0105 poci\u0119te w 20\u00d720 cm listki.<\/p>\n<p>\t\t\t\t\t\t\t\t\t\t<img src=\"https:\/\/henrylee.pl\/wp-content\/plugins\/elementor\/assets\/images\/placeholder.png\" title=\"\" alt=\"\"><\/p>\n<h3>ch\u0142onne i wydajne<\/h3>\n<p style=\"text-align:center\">Wykonane specjaln\u0105 technologi\u0105, kt\u00f3ra sprawia, \u017ce poch\u0142aniaj\u0105 nawet o\u015bmiokrotno\u015b\u0107 swojej wagi. 1 listek naszego r\u0119cznika zast\u0119puje a\u017c 10 listk\u00f3w zwyk\u0142ych r\u0119cznik\u00f3w kuchennych.<\/p>\n<p>\t\t\t\t\t\t\t\t\t\t<img src=\"https:\/\/henrylee.pl\/wp-content\/plugins\/elementor\/assets\/images\/placeholder.png\" title=\"\" alt=\"\"><\/p>\n<h3>delikatne i przyjemne w dotyku<\/h3>\n<p style=\"text-align:center\">Przecieranie tatua\u017cu szczeg\u00f3lnie w ko\u0144cowej fazie zabiegu to dla wi\u0119kszo\u015bci klient\u00f3w do\u015bwiadczenie traumatyczne. To w\u0142a\u015bnie na przecieranie, a nie na sam\u0105 prac\u0119 maszynki najcz\u0119\u015bciej uskar\u017caj\u0105 si\u0119 posiadacze du\u017cych tatua\u017cy. Nasze r\u0119czniki s\u0105 bardzo mi\u0119kkie, delikatne i przyjemne w dotyku. Nie podra\u017cniaj\u0105 ju\u017c i tak zaognionej sk\u00f3ry.<\/p>\n<p>\t\t\t\t\t\t\t\t\t\t<img src=\"https:\/\/henrylee.pl\/wp-content\/plugins\/elementor\/assets\/images\/placeholder.png\" title=\"\" alt=\"\"><\/p>\n<h3>bezpy\u0142owe<\/h3>\n<p style=\"text-align:center\">Koniec z zatkanymi dziobami i paprochami pl\u0105cz\u0105cymi si\u0119 pod nogami! Nasze r\u0119czniki s\u0105 ca\u0142kowicie bezpy\u0142owe, nie roluj\u0105 si\u0119, nie strz\u0119pi\u0105 i nie elektryzuj\u0105 (nie przyci\u0105gaj\u0105 kurzu i py\u0142u). Na powierzchni gotowego tatua\u017cu nie pozostawiaj\u0105 bia\u0142ych \u015blad\u00f3w, kt\u00f3re irytuj\u0105 szczeg\u00f3lnie w trakcie robienia zdj\u0119\u0107 \u015bwie\u017co wykonanych prac.<\/p>\n<p>\t\t\t\t\t\t\t\t\t\t<img src=\"https:\/\/henrylee.pl\/wp-content\/plugins\/elementor\/assets\/images\/placeholder.png\" title=\"\" alt=\"\"><\/p>\n<h3>ekologiczne i biodegradowalne<\/h3>\n<p style=\"text-align:center\">Nasze r\u0119czniki s\u0105 produkowane z u\u017cyciem odnawialnych \u017ar\u00f3de\u0142 energii. W przeciwie\u0144stwie do zwyk\u0142ych r\u0119cznik\u00f3w papierowych, proces produkcyjny nie wymaga u\u017cycia wody jak i nie emituje zanieczyszcze\u0144 do wody i powietrza. Produkcja odbywa si\u0119 z szacunkiem dla \u015brodowiska naturalnego oraz z misj\u0105 ograniczenia negatywnego wp\u0142ywu przemys\u0142u na \u015brodowisko. Nasze r\u0119czniki s\u0105 ca\u0142kowicie biodegradowalne, a ich wydajno\u015b\u0107 pozwala na znaczne zmniejszenie ilo\u015bci produkowanych \u015bmieci. Rachunek jest prosty zu\u017cywasz mniej produktu = produkujesz mniej \u015bmieci.<\/p>\n<p>\t\t\t\t\t\t\t\t\t\t<img src=\"https:\/\/henrylee.pl\/wp-content\/plugins\/elementor\/assets\/images\/placeholder.png\" title=\"\" alt=\"\"><\/p>\n<h3>25 kg na rok<\/h3>\n<p style=\"text-align:center\">Tak, dok\u0142adnie tyle wystarcza na rok intensywnej, codziennej pracy. I nie mamy na my\u015bli codziennej pracy z napisami na nadgarstkach.<\/p>\n<h3>Dlaczego jeste\u015bmy EKO?<\/h3>\n<p><a href=\"#\" role=\"button\"><br \/>\nDowiedz si\u0119 wi\u0119cej<br \/>\n<\/a><\/p>\n<h2>RESPECT YOUR WIPE!<\/h2>\n<h4>Prove that you have real people working for you, with some nice looking profile pictures and links to social media.<\/h4>\n<p><img loading=\"lazy\" width=\"175\" height=\"175\" src=\"https:\/\/henrylee.pl\/wp-content\/uploads\/2020\/01\/zerif-team1.png\" alt=\"\" srcset=\"https:\/\/henrylee.pl\/wp-content\/uploads\/2020\/01\/zerif-team1.png 175w, https:\/\/henrylee.pl\/wp-content\/uploads\/2020\/01\/zerif-team1-150x150.png 150w\" sizes=\"(max-width: 175px) 100vw, 175px\"><\/p>\n<h3>Jak u\u017cywa\u0107?<\/h3>\n<p style=\"text-align: center\">Wi\u0119kszo\u015b\u0107 z nas przyzwyczajona jest do pracy ze zwyk\u0142ymi r\u0119cznikami papierowymi, kt\u00f3re co chwila l\u0105duj\u0105 w koszu. Dzieje si\u0119 tak, poniewa\u017c nie s\u0105 ch\u0142onne i ju\u017c po chwili pracy zamiast czy\u015bci\u0107 sk\u00f3r\u0119, jedynie rozmazuj\u0105 tusz. R\u0119czniki Henry Lee s\u0105 inne. Pracuj z nimi d\u0142u\u017cej. Postaraj si\u0119 wyzby\u0107 nawyku machinalnego wyrzucania r\u0119cznika.<\/p>\n<p>\t\t\t\t\t\t\t<a href=\"\" target=\"_blank\" rel=\"noopener noreferrer\"><br \/>\nFacebook<br \/>\n<\/a><br \/>\n<a href=\"\" target=\"_blank\" rel=\"noopener noreferrer\"><br \/>\nTwitter<br \/>\n<\/a><br \/>\n<a href=\"\" target=\"_blank\" rel=\"noopener noreferrer\"><br \/>\nBehance<br \/>\n<\/a><br \/>\n<a href=\"\" target=\"_blank\" rel=\"noopener noreferrer\"><br \/>\nDribbble<br \/>\n<\/a><\/p>\n<h2>Testimonials<\/h2>\n<h4>Jeste\u015bmy dumni, \u017ce to WY zdecydowali\u015bcie si\u0119 na nasze r\u0119czniki!<\/h4>\n<p>Najlepszy shit na \u015bwiecie!<\/p>\n<p>Mariusz Romanowicz<\/p>\n<p><img src=\"https:\/\/henrylee.pl\/wp-content\/plugins\/elementor\/assets\/images\/placeholder.png\" title=\"\" alt=\"\"><br \/>\nJestem zachwycona!<\/p>\n<p>Agnieszka<\/p>\n<p><img src=\"https:\/\/henrylee.pl\/wp-content\/plugins\/elementor\/assets\/images\/placeholder.png\" title=\"\" alt=\"\"><br \/>\nNie wiem o co chodzi, ale lubi\u0119!<\/p>\n<p>Zosia<\/p>\n<p><img src=\"https:\/\/henrylee.pl\/wp-content\/plugins\/elementor\/assets\/images\/placeholder.png\" title=\"\" alt=\"\"><\/p>\n<h3>Use these ribbons to display calls to action mid-page.<\/h3>\n<p><a href=\"#\" role=\"button\"><br \/>\nView article<br \/>\n<\/a><\/p>\n<h2>get in touch<\/h2>\n<h4>Big and mobile-optimized contact form integrated. All fields are customizable.<\/h4>\n<form action=\"https:\/\/henrylee.pl\/wp-admin\/admin-post.php\" method=\"post\" name=\"content-form-7c226461\" id=\"content-form-7c226461\"><input type=\"hidden\" id=\"_wpnonce_contact\" name=\"_wpnonce_contact\" value=\"333b42be12\"><input type=\"hidden\" name=\"_wp_http_referer\" value=\"\/index.php?rest_route=\/ti-sites-lib\/v1\/migrate_frontpage\"><input type=\"hidden\" name=\"action\" value=\"content_form_submit\"><input type=\"hidden\" name=\"form-type\" value=\"contact\"><input type=\"hidden\" name=\"form-builder\" value=\"elementor\"><input type=\"hidden\" name=\"post-id\" value=\"\"><input type=\"hidden\" name=\"form-id\" value=\"7c226461\"><\/p>\n<fieldset><label for=\"data[7c226461][name]\"><\/label><input type=\"text\" name=\"data[7c226461][name]\" id=\"data[7c226461][name]\" placeholder=\"Your Name\"><\/fieldset>\n<fieldset><label for=\"data[7c226461][email]\"><\/label><input type=\"text\" name=\"data[7c226461][email]\" id=\"data[7c226461][email]\" placeholder=\"Email address\"><\/fieldset>\n<fieldset><label for=\"data[7c226461][phone]\"><\/label><input type=\"text\" name=\"data[7c226461][phone]\" id=\"data[7c226461][phone]\" placeholder=\"Phone Nr\"><\/fieldset>\n<fieldset><label for=\"data[7c226461][message]\"><\/label><textarea name=\"data[7c226461][message]\" id=\"data[7c226461][message]\" placeholder=\"Your message\" cols=\"30\" rows=\"5\"><\/textarea><\/fieldset>\n<fieldset><button type=\"submit\" name=\"submit\" value=\"submit-contact-7c226461\">Send message<\/button><\/fieldset>\n<\/form>\n","protected":false},"excerpt":{"rendered":"<p>features What makes the single-page WordPress theme unique. Testowane dermatologicznie Przesz\u0142y testy dermatologiczne zgodne z mi\u0119dzynarodowymi wytycznymi i posiadaj\u0105 certyfikat bezpiecze\u0144stwa dla sk\u00f3ry! Nasze r\u0119czniki mog\u0105 by\u0107 bezpiecznie stosowane na sk\u00f3r\u0119 i b\u0142ony \u015bluzowe. Zwyk\u0142e r\u0119czniki kuchenne mog\u0105 zawiera\u0107: sztuczne barwniki i aromaty, formaldehyd, wybielacze chlorowe, kleje, BPS, triclosan i inne zwi\u0105zki szkodliwe dla naszego <a href=\"https:\/\/henrylee.pl\/\" rel=\"nofollow\"><span class=\"sr-only\">Read more about G\u0142\u00f3wna<\/span>[&hellip;]<\/a><\/p>\n","protected":false},"author":1,"featured_media":0,"parent":0,"menu_order":0,"comment_status":"closed","ping_status":"closed","template":"page-templates\/template-pagebuilder-full-width.php","meta":[],"_links":{"self":[{"href":"https:\/\/henrylee.pl\/index.php?rest_route=\/wp\/v2\/pages\/4522"}],"collection":[{"href":"https:\/\/henrylee.pl\/index.php?rest_route=\/wp\/v2\/pages"}],"about":[{"href":"https:\/\/henrylee.pl\/index.php?rest_route=\/wp\/v2\/types\/page"}],"author":[{"embeddable":true,"href":"https:\/\/henrylee.pl\/index.php?rest_route=\/wp\/v2\/users\/1"}],"replies":[{"embeddable":true,"href":"https:\/\/henrylee.pl\/index.php?rest_route=%2Fwp%2Fv2%2Fcomments&post=4522"}],"version-history":[{"count":1,"href":"https:\/\/henrylee.pl\/index.php?rest_route=\/wp\/v2\/pages\/4522\/revisions"}],"predecessor-version":[{"id":4573,"href":"https:\/\/henrylee.pl\/index.php?rest_route=\/wp\/v2\/pages\/4522\/revisions\/4573"}],"wp:attachment":[{"href":"https:\/\/henrylee.pl\/index.php?rest_route=%2Fwp%2Fv2%2Fmedia&parent=4522"}],"curies":[{"name":"wp","href":"https:\/\/api.w.org\/{rel}","templated":true}]}}